{"id":6,"date":"2025-10-07T15:39:28","date_gmt":"2025-10-07T13:39:28","guid":{"rendered":"http:\/\/maths-chambon.fr\/?page_id=6"},"modified":"2026-01-14T14:36:32","modified_gmt":"2026-01-14T12:36:32","slug":"presentation","status":"publish","type":"page","link":"https:\/\/maths-chambon.fr\/?page_id=6","title":{"rendered":"Histoire locale: 43,07"},"content":{"rendered":"<p><strong style=\"color: #800000; font-size: 16px;\"><a href=\"http:\/\/maths-chambon.fr\/wp-content\/uploads\/2024\/10\/Vareyrouse-maman.jpg\"><img loading=\"lazy\" decoding=\"async\" class=\"wp-image-2862 alignnone\" src=\"http:\/\/maths-chambon.fr\/wp-content\/uploads\/2024\/10\/Vareyrouse-maman-150x150.jpg\" alt=\"\" width=\"116\" height=\"116\" \/><\/a><a href=\"http:\/\/maths-chambon.fr\/wp-content\/uploads\/2024\/10\/Fay-neige.jpg\"><img loading=\"lazy\" decoding=\"async\" class=\"alignleft  wp-image-2857\" src=\"http:\/\/maths-chambon.fr\/wp-content\/uploads\/2024\/10\/Fay-neige-150x150.jpg\" alt=\"\" width=\"116\" height=\"116\" \/><\/a><a href=\"http:\/\/maths-chambon.fr\/wp-content\/uploads\/2024\/10\/IMG_1766_10.jpg\"><img loading=\"lazy\" decoding=\"async\" class=\"alignleft  wp-image-2858\" src=\"http:\/\/maths-chambon.fr\/wp-content\/uploads\/2024\/10\/IMG_1766_10-150x150.jpg\" alt=\"\" width=\"117\" height=\"117\" \/><\/a><a href=\"http:\/\/maths-chambon.fr\/wp-content\/uploads\/2024\/10\/Fontaine-Saint-Regis.jpg\"><img loading=\"lazy\" decoding=\"async\" class=\"alignleft  wp-image-2859\" src=\"http:\/\/maths-chambon.fr\/wp-content\/uploads\/2024\/10\/Fontaine-Saint-Regis-150x150.jpg\" alt=\"\" width=\"116\" height=\"116\" \/><\/a><\/strong><\/p>\n<p><span style=\"color: #008000;\"><strong>La 3\u00e8me photo ci-dessus est la fontaine \u00ab\u00a0Saint (Jean-Fran\u00e7ois) R\u00e9gis\u00a0\u00bb<\/strong><\/span><\/p>\n<h2><a href=\"http:\/\/maths-chambon.fr\/wp-content\/uploads\/2024\/10\/Fay-le-dick.jpg\"><img loading=\"lazy\" decoding=\"async\" class=\"wp-image-2856 alignnone\" src=\"http:\/\/maths-chambon.fr\/wp-content\/uploads\/2024\/10\/Fay-le-dick-150x150.jpg\" alt=\"\" width=\"116\" height=\"116\" \/><\/a><a href=\"http:\/\/maths-chambon.fr\/wp-content\/uploads\/2024\/10\/pict1189_2.jpg\"><img loading=\"lazy\" decoding=\"async\" class=\"wp-image-2861 alignnone\" src=\"http:\/\/maths-chambon.fr\/wp-content\/uploads\/2024\/10\/pict1189_2-150x150.jpg\" alt=\"\" width=\"118\" height=\"118\" \/><\/a><a href=\"http:\/\/maths-chambon.fr\/wp-content\/uploads\/2024\/10\/IMG_1764_9.jpg\"><img loading=\"lazy\" decoding=\"async\" class=\"alignleft  wp-image-2864\" src=\"http:\/\/maths-chambon.fr\/wp-content\/uploads\/2024\/10\/IMG_1764_9-150x150.jpg\" alt=\"\" width=\"119\" height=\"119\" \/><\/a><a href=\"http:\/\/maths-chambon.fr\/wp-content\/uploads\/2024\/10\/Vareyrouse-papa.jpg\"><img loading=\"lazy\" decoding=\"async\" class=\"wp-image-2863 alignleft\" src=\"http:\/\/maths-chambon.fr\/wp-content\/uploads\/2024\/10\/Vareyrouse-papa-150x150.jpg\" alt=\"\" width=\"117\" height=\"117\" \/><\/a><\/h2>\n<h2><strong style=\"color: #800000; font-size: 16px;\">On pr\u00e9sente ici <span style=\"color: #0000ff;\">2 ouvrages concernant la Haute-Loire frontali\u00e8re avec la Haute Ard\u00e8che, ses Hauts plateaux d&rsquo;altitude 1200m et plus<\/span> (en montant sur le Gerbier de Jonc, les Estables &#8230;) <span style=\"color: #0000ff;\">la r<\/span><\/strong><strong style=\"color: #800000; font-size: 16px;\"><span style=\"color: #0000ff;\">\u00e9gion de Fay-sur-Lignon, jadis d\u00e9nomm\u00e9e \u00abFay-le-Froid\u00bb<\/span>\u00a0 entre M\u00e9zenc et Meygal, c\u00e9l\u00e8bre par ses antiques foires dont celle des chevaux !<\/strong><\/h2>\n<p><!--more--><\/p>\n<h2><strong style=\"color: #800000; font-size: 16px;\"> <a href=\"http:\/\/maths-chambon.fr\/wp-content\/uploads\/2024\/09\/PC_1.jpg\"><img loading=\"lazy\" decoding=\"async\" class=\"alignleft size-thumbnail wp-image-2467\" src=\"http:\/\/maths-chambon.fr\/wp-content\/uploads\/2024\/09\/PC_1-150x150.jpg\" alt=\"\" width=\"150\" height=\"150\" \/><\/a><a href=\"http:\/\/maths-chambon.fr\/wp-content\/uploads\/2024\/09\/3.jpg\"><img loading=\"lazy\" decoding=\"async\" class=\"alignleft size-thumbnail wp-image-2461\" src=\"http:\/\/maths-chambon.fr\/wp-content\/uploads\/2024\/09\/3-150x150.jpg\" alt=\"\" width=\"150\" height=\"150\" \/><\/a><\/strong><\/h2>\n<div class=\"entry\">\n<p><strong><span style=\"color: #800000;\">L&rsquo;auteur originaire du lieu et grand connaisseur (passionn\u00e9) les a r\u00e9dig\u00e9s apr\u00e8s aussi pas mal de consultations d\u2019archives !! \u2026 Si int\u00e9ress\u00e9 :<\/span>\u00a0<span style=\"color: #0000ff;\">Chambon.Henri@neuf.fr<\/span><\/strong><\/p>\n<p><span style=\"color: #0000ff;\">&#8212;&#8212;&#8212;&#8212;&#8212;&#8212;&#8212;&#8212;&#8212;&#8212;&#8212;&#8212;&#8212;&#8212;&#8212;&#8212;&#8212;&#8212;&#8212;&#8212;&#8212;&#8212;&#8212;<\/span><\/p>\n<\/div>\n\n\n<p><\/p>\n","protected":false},"excerpt":{"rendered":"<p>La 3\u00e8me photo ci-dessus est la fontaine \u00ab\u00a0Saint (Jean-Fran\u00e7ois) R\u00e9gis\u00a0\u00bb On pr\u00e9sente ici 2 ouvrages concernant la Haute-Loire frontali\u00e8re avec la Haute Ard\u00e8che, ses Hauts plateaux d&rsquo;altitude 1200m et plus (en montant sur le Gerbier de Jonc, les Estables &#8230;) la r\u00e9gion de Fay-sur-Lignon, jadis d\u00e9nomm\u00e9e \u00abFay-le-Froid\u00bb\u00a0 entre M\u00e9zenc et Meygal, c\u00e9l\u00e8bre par ses antiques [&hellip;]<\/p>\n","protected":false},"author":1,"featured_media":0,"parent":0,"menu_order":2,"comment_status":"open","ping_status":"closed","template":"","meta":{"footnotes":""},"class_list":["post-6","page","type-page","status-publish","hentry"],"yoast_head":"<!-- This site is optimized with the Yoast SEO plugin v24.0 - https:\/\/yoast.com\/wordpress\/plugins\/seo\/ -->\n<title>Histoire locale: 43,07 - Maths-pr\u00e9pas, L1-L3; Histoire locale (43) Henri Chambon<\/title>\n<meta name=\"robots\" content=\"index, follow, max-snippet:-1, max-image-preview:large, max-video-preview:-1\" \/>\n<link rel=\"canonical\" href=\"https:\/\/maths-chambon.fr\/?page_id=6\" \/>\n<meta property=\"og:locale\" content=\"fr_FR\" \/>\n<meta property=\"og:type\" content=\"article\" \/>\n<meta property=\"og:title\" content=\"Histoire locale: 43,07 - Maths-pr\u00e9pas, L1-L3; Histoire locale (43) Henri Chambon\" \/>\n<meta property=\"og:description\" content=\"La 3\u00e8me photo ci-dessus est la fontaine \u00ab\u00a0Saint (Jean-Fran\u00e7ois) R\u00e9gis\u00a0\u00bb On pr\u00e9sente ici 2 ouvrages concernant la Haute-Loire frontali\u00e8re avec la Haute Ard\u00e8che, ses Hauts plateaux d&rsquo;altitude 1200m et plus (en montant sur le Gerbier de Jonc, les Estables &#8230;) la r\u00e9gion de Fay-sur-Lignon, jadis d\u00e9nomm\u00e9e \u00abFay-le-Froid\u00bb\u00a0 entre M\u00e9zenc et Meygal, c\u00e9l\u00e8bre par ses antiques [&hellip;]\" \/>\n<meta property=\"og:url\" content=\"https:\/\/maths-chambon.fr\/?page_id=6\" \/>\n<meta property=\"og:site_name\" content=\"Maths-pr\u00e9pas, L1-L3; Histoire locale (43) Henri Chambon\" \/>\n<meta property=\"article:modified_time\" content=\"2026-01-14T12:36:32+00:00\" \/>\n<meta property=\"og:image\" content=\"https:\/\/maths-chambon.fr\/wp-content\/uploads\/2024\/10\/Vareyrouse-maman.jpg\" \/>\n\t<meta property=\"og:image:width\" content=\"1608\" \/>\n\t<meta property=\"og:image:height\" content=\"1041\" \/>\n\t<meta property=\"og:image:type\" content=\"image\/jpeg\" \/>\n<meta name=\"twitter:card\" content=\"summary_large_image\" \/>\n<meta name=\"twitter:label1\" content=\"Dur\u00e9e de lecture estim\u00e9e\" \/>\n\t<meta name=\"twitter:data1\" content=\"3 minutes\" \/>\n<script type=\"application\/ld+json\" class=\"yoast-schema-graph\">{\"@context\":\"https:\/\/schema.org\",\"@graph\":[{\"@type\":\"WebPage\",\"@id\":\"https:\/\/maths-chambon.fr\/?page_id=6\",\"url\":\"https:\/\/maths-chambon.fr\/?page_id=6\",\"name\":\"Histoire locale: 43,07 - Maths-pr\u00e9pas, L1-L3; Histoire locale (43) Henri Chambon\",\"isPartOf\":{\"@id\":\"https:\/\/maths-chambon.fr\/#website\"},\"primaryImageOfPage\":{\"@id\":\"https:\/\/maths-chambon.fr\/?page_id=6#primaryimage\"},\"image\":{\"@id\":\"https:\/\/maths-chambon.fr\/?page_id=6#primaryimage\"},\"thumbnailUrl\":\"http:\/\/maths-chambon.fr\/wp-content\/uploads\/2024\/10\/Vareyrouse-maman-150x150.jpg\",\"datePublished\":\"2025-10-07T13:39:28+00:00\",\"dateModified\":\"2026-01-14T12:36:32+00:00\",\"breadcrumb\":{\"@id\":\"https:\/\/maths-chambon.fr\/?page_id=6#breadcrumb\"},\"inLanguage\":\"fr-FR\",\"potentialAction\":[{\"@type\":\"ReadAction\",\"target\":[\"https:\/\/maths-chambon.fr\/?page_id=6\"]}]},{\"@type\":\"ImageObject\",\"inLanguage\":\"fr-FR\",\"@id\":\"https:\/\/maths-chambon.fr\/?page_id=6#primaryimage\",\"url\":\"https:\/\/maths-chambon.fr\/wp-content\/uploads\/2024\/10\/Vareyrouse-maman.jpg\",\"contentUrl\":\"https:\/\/maths-chambon.fr\/wp-content\/uploads\/2024\/10\/Vareyrouse-maman.jpg\",\"width\":1608,\"height\":1041},{\"@type\":\"BreadcrumbList\",\"@id\":\"https:\/\/maths-chambon.fr\/?page_id=6#breadcrumb\",\"itemListElement\":[{\"@type\":\"ListItem\",\"position\":1,\"name\":\"Accueil\",\"item\":\"https:\/\/maths-chambon.fr\/\"},{\"@type\":\"ListItem\",\"position\":2,\"name\":\"Histoire locale: 43,07\"}]},{\"@type\":\"WebSite\",\"@id\":\"https:\/\/maths-chambon.fr\/#website\",\"url\":\"https:\/\/maths-chambon.fr\/\",\"name\":\"Maths-pr\u00e9pas, L1-L3; Histoire locale (43) Henri Chambon\",\"description\":\"WebBlog et plateforme d&#039;information\",\"potentialAction\":[{\"@type\":\"SearchAction\",\"target\":{\"@type\":\"EntryPoint\",\"urlTemplate\":\"https:\/\/maths-chambon.fr\/?s={search_term_string}\"},\"query-input\":{\"@type\":\"PropertyValueSpecification\",\"valueRequired\":true,\"valueName\":\"search_term_string\"}}],\"inLanguage\":\"fr-FR\"}]}<\/script>\n<!-- \/ Yoast SEO plugin. -->","yoast_head_json":{"title":"Histoire locale: 43,07 - Maths-pr\u00e9pas, L1-L3; Histoire locale (43) Henri Chambon","robots":{"index":"index","follow":"follow","max-snippet":"max-snippet:-1","max-image-preview":"max-image-preview:large","max-video-preview":"max-video-preview:-1"},"canonical":"https:\/\/maths-chambon.fr\/?page_id=6","og_locale":"fr_FR","og_type":"article","og_title":"Histoire locale: 43,07 - Maths-pr\u00e9pas, L1-L3; Histoire locale (43) Henri Chambon","og_description":"La 3\u00e8me photo ci-dessus est la fontaine \u00ab\u00a0Saint (Jean-Fran\u00e7ois) R\u00e9gis\u00a0\u00bb On pr\u00e9sente ici 2 ouvrages concernant la Haute-Loire frontali\u00e8re avec la Haute Ard\u00e8che, ses Hauts plateaux d&rsquo;altitude 1200m et plus (en montant sur le Gerbier de Jonc, les Estables &#8230;) la r\u00e9gion de Fay-sur-Lignon, jadis d\u00e9nomm\u00e9e \u00abFay-le-Froid\u00bb\u00a0 entre M\u00e9zenc et Meygal, c\u00e9l\u00e8bre par ses antiques [&hellip;]","og_url":"https:\/\/maths-chambon.fr\/?page_id=6","og_site_name":"Maths-pr\u00e9pas, L1-L3; Histoire locale (43) Henri Chambon","article_modified_time":"2026-01-14T12:36:32+00:00","og_image":[{"width":1608,"height":1041,"url":"https:\/\/maths-chambon.fr\/wp-content\/uploads\/2024\/10\/Vareyrouse-maman.jpg","type":"image\/jpeg"}],"twitter_card":"summary_large_image","twitter_misc":{"Dur\u00e9e de lecture estim\u00e9e":"3 minutes"},"schema":{"@context":"https:\/\/schema.org","@graph":[{"@type":"WebPage","@id":"https:\/\/maths-chambon.fr\/?page_id=6","url":"https:\/\/maths-chambon.fr\/?page_id=6","name":"Histoire locale: 43,07 - Maths-pr\u00e9pas, L1-L3; Histoire locale (43) Henri Chambon","isPartOf":{"@id":"https:\/\/maths-chambon.fr\/#website"},"primaryImageOfPage":{"@id":"https:\/\/maths-chambon.fr\/?page_id=6#primaryimage"},"image":{"@id":"https:\/\/maths-chambon.fr\/?page_id=6#primaryimage"},"thumbnailUrl":"http:\/\/maths-chambon.fr\/wp-content\/uploads\/2024\/10\/Vareyrouse-maman-150x150.jpg","datePublished":"2025-10-07T13:39:28+00:00","dateModified":"2026-01-14T12:36:32+00:00","breadcrumb":{"@id":"https:\/\/maths-chambon.fr\/?page_id=6#breadcrumb"},"inLanguage":"fr-FR","potentialAction":[{"@type":"ReadAction","target":["https:\/\/maths-chambon.fr\/?page_id=6"]}]},{"@type":"ImageObject","inLanguage":"fr-FR","@id":"https:\/\/maths-chambon.fr\/?page_id=6#primaryimage","url":"https:\/\/maths-chambon.fr\/wp-content\/uploads\/2024\/10\/Vareyrouse-maman.jpg","contentUrl":"https:\/\/maths-chambon.fr\/wp-content\/uploads\/2024\/10\/Vareyrouse-maman.jpg","width":1608,"height":1041},{"@type":"BreadcrumbList","@id":"https:\/\/maths-chambon.fr\/?page_id=6#breadcrumb","itemListElement":[{"@type":"ListItem","position":1,"name":"Accueil","item":"https:\/\/maths-chambon.fr\/"},{"@type":"ListItem","position":2,"name":"Histoire locale: 43,07"}]},{"@type":"WebSite","@id":"https:\/\/maths-chambon.fr\/#website","url":"https:\/\/maths-chambon.fr\/","name":"Maths-pr\u00e9pas, L1-L3; Histoire locale (43) Henri Chambon","description":"WebBlog et plateforme d&#039;information","potentialAction":[{"@type":"SearchAction","target":{"@type":"EntryPoint","urlTemplate":"https:\/\/maths-chambon.fr\/?s={search_term_string}"},"query-input":{"@type":"PropertyValueSpecification","valueRequired":true,"valueName":"search_term_string"}}],"inLanguage":"fr-FR"}]}},"_links":{"self":[{"href":"https:\/\/maths-chambon.fr\/index.php?rest_route=\/wp\/v2\/pages\/6"}],"collection":[{"href":"https:\/\/maths-chambon.fr\/index.php?rest_route=\/wp\/v2\/pages"}],"about":[{"href":"https:\/\/maths-chambon.fr\/index.php?rest_route=\/wp\/v2\/types\/page"}],"author":[{"embeddable":true,"href":"https:\/\/maths-chambon.fr\/index.php?rest_route=\/wp\/v2\/users\/1"}],"replies":[{"embeddable":true,"href":"https:\/\/maths-chambon.fr\/index.php?rest_route=%2Fwp%2Fv2%2Fcomments&post=6"}],"version-history":[{"count":76,"href":"https:\/\/maths-chambon.fr\/index.php?rest_route=\/wp\/v2\/pages\/6\/revisions"}],"predecessor-version":[{"id":3358,"href":"https:\/\/maths-chambon.fr\/index.php?rest_route=\/wp\/v2\/pages\/6\/revisions\/3358"}],"wp:attachment":[{"href":"https:\/\/maths-chambon.fr\/index.php?rest_route=%2Fwp%2Fv2%2Fmedia&parent=6"}],"curies":[{"name":"wp","href":"https:\/\/api.w.org\/{rel}","templated":true}]}}