{"id":5,"date":"2025-10-07T15:39:21","date_gmt":"2025-10-07T13:39:21","guid":{"rendered":"http:\/\/maths-chambon.fr\/?page_id=5"},"modified":"2026-01-14T14:35:06","modified_gmt":"2026-01-14T12:35:06","slug":"la-lettre-du-proviseur","status":"publish","type":"page","link":"https:\/\/maths-chambon.fr\/?page_id=5","title":{"rendered":"Divers+TB"},"content":{"rendered":"<p><span style=\"color: #800000;\"><strong>D\u00e9j\u00e0, du calcul mental impressionnant :<\/strong><\/span><\/p>\n<p><span style=\"color: #800000;\"><strong> <a href=\"https:\/\/www.youtube.com\/watch?v=l1M_3B2qPts\"><span style=\"color: #0000ff;\">https:\/\/www.youtube.com\/watch?v=l1M_3B2qPts<\/span><\/a><\/strong><\/span><\/p>\n<p><span style=\"color: #0000ff;\">&#8212;&#8212;&#8212;&#8212;&#8212;&#8212;&#8212;&#8212;&#8212;&#8212;&#8212;<\/span><\/p>\n<p><span style=\"color: #800000;\"><strong>Puis un peu de Sciences de l&rsquo;Ing\u00e9nieur :<\/strong><\/span><\/p>\n<div style=\"width: 1280px;\" class=\"wp-video\"><!--[if lt IE 9]><script>document.createElement('video');<\/script><![endif]-->\n<video class=\"wp-video-shortcode\" id=\"video-5-1\" width=\"1280\" height=\"720\" preload=\"metadata\" controls=\"controls\"><source type=\"video\/mp4\" src=\"http:\/\/maths-chambon.fr\/wp-content\/uploads\/2024\/10\/ZZ-Etoile-realisee-par-Eiffage-brille-depuis-le-11-decembre-2021-2.mp4?_=1\" \/><a href=\"http:\/\/maths-chambon.fr\/wp-content\/uploads\/2024\/10\/ZZ-Etoile-realisee-par-Eiffage-brille-depuis-le-11-decembre-2021-2.mp4\">http:\/\/maths-chambon.fr\/wp-content\/uploads\/2024\/10\/ZZ-Etoile-realisee-par-Eiffage-brille-depuis-le-11-decembre-2021-2.mp4<\/a><\/video><\/div>\n<p><span style=\"color: #0000ff;\">&#8212;&#8212;&#8212;&#8212;&#8212;&#8212;&#8212;&#8212;&#8212;&#8212;&#8212;<\/span><\/p>\n<p><strong><span style=\"color: #800000;\">La France au patrimoine mondial : TRES BIEN !<\/span><\/strong><\/p>\n<p><a href=\"http:\/\/maths-chambon.fr\/wp-content\/uploads\/2024\/10\/ZZ-PATRIMOINE-MONDIAL-UNESCO.pps\"><strong><span style=\"color: #0000ff;\">PATRIMOINE MONDIAL UNESCO<\/span><\/strong><\/a>\u00a0 <span style=\"color: #800000;\"><strong>(\u00e0 t\u00e9l\u00e9charger)<\/strong>\u00a0<\/span><\/p>\n<hr \/>\n<p><span style=\"color: #0000ff;\"><span style=\"text-decoration: underline;\"><strong>Les TIPEs<\/strong><\/span><strong> :<\/strong><span style=\"text-decoration: underline;\"><strong><br \/>\n<\/strong><\/span><\/span><\/p>\n<p><span style=\"color: #ff0000;\"><strong>Les TIPES (Travaux d&rsquo;Initiative Personnelle Encadr\u00e9s)\u00a0\u00a0consistent en un travail scientifique approfondi de chaque \u00e9tudiant sur un sujet de son choix. Ce travail pouvant \u00eatre\u00a0 r\u00e9alis\u00e9 seul ou en \u00e9quipe est encadr\u00e9 par les professeurs de Physique et de Sciences Industrielles.<\/strong><\/span><\/p>\n<p><span style=\"color: #0000ff;\"><strong><span style=\"text-decoration: underline;\">DEUX EXEMPLES DE TIPES<\/span><\/strong><\/span><\/p>\n<p><strong><span style=\"color: #800000;\">1) Sujet <em>: Turbine Kaplan<\/em> (note obtenue : 16\/20)<\/span><\/strong><\/p>\n<p><span style=\"text-decoration: underline;\"><span style=\"color: #0000ff;\"><a href=\"http:\/\/maths-chambon.fr\/wp-content\/uploads\/2024\/10\/fiche-synoptique2010turbinekaplan.pdf\"><strong><span style=\"color: #0000ff; text-decoration: underline;\">fiche-synoptique.turbine-kaplan<\/span><\/strong><\/a><\/span><\/span><\/p>\n<p><a href=\"http:\/\/maths-chambon.fr\/wp-content\/uploads\/2024\/10\/tipe2010-turbine-kaplan.pdf\"><strong><span style=\"color: #0000ff;\">tipe2010-turbine-kaplan<\/span><\/strong><\/a><\/p>\n<p><span style=\"color: #800000;\"><strong>2) Sujet <em>:\u00a0Optimisation du broyage du bois<\/em> (note obtenue : 15\/20)<\/strong><\/span><\/p>\n<p><span style=\"color: #ff0000;\"><span style=\"color: #333399;\"><a href=\"http:\/\/maths-chambon.fr\/wp-content\/uploads\/2024\/10\/Poudre-de-bois.pdf\"><span style=\"color: #0000ff;\"><strong>Optimisation du mode d&rsquo;obtention de la poudre de bois<\/strong><\/span><\/a><\/span><\/span><\/p>\n<p>&nbsp;<\/p>\n<p>&nbsp;<\/p>\n","protected":false},"excerpt":{"rendered":"<p>D\u00e9j\u00e0, du calcul mental impressionnant : https:\/\/www.youtube.com\/watch?v=l1M_3B2qPts &#8212;&#8212;&#8212;&#8212;&#8212;&#8212;&#8212;&#8212;&#8212;&#8212;&#8212; Puis un peu de Sciences de l&rsquo;Ing\u00e9nieur : &#8212;&#8212;&#8212;&#8212;&#8212;&#8212;&#8212;&#8212;&#8212;&#8212;&#8212; La France au patrimoine mondial : TRES BIEN ! PATRIMOINE MONDIAL UNESCO\u00a0 (\u00e0 t\u00e9l\u00e9charger)\u00a0 Les TIPEs : Les TIPES (Travaux d&rsquo;Initiative Personnelle Encadr\u00e9s)\u00a0\u00a0consistent en un travail scientifique approfondi de chaque \u00e9tudiant sur un sujet de son choix. Ce [&hellip;]<\/p>\n","protected":false},"author":1,"featured_media":0,"parent":0,"menu_order":5,"comment_status":"open","ping_status":"closed","template":"","meta":{"footnotes":""},"class_list":["post-5","page","type-page","status-publish","hentry"],"yoast_head":"<!-- This site is optimized with the Yoast SEO plugin v24.0 - https:\/\/yoast.com\/wordpress\/plugins\/seo\/ -->\n<title>Divers+TB - Maths-pr\u00e9pas, L1-L3; Histoire locale (43) Henri Chambon<\/title>\n<meta name=\"robots\" content=\"index, follow, max-snippet:-1, max-image-preview:large, max-video-preview:-1\" \/>\n<link rel=\"canonical\" href=\"https:\/\/maths-chambon.fr\/?page_id=5\" \/>\n<meta property=\"og:locale\" content=\"fr_FR\" \/>\n<meta property=\"og:type\" content=\"article\" \/>\n<meta property=\"og:title\" content=\"Divers+TB - Maths-pr\u00e9pas, L1-L3; Histoire locale (43) Henri Chambon\" \/>\n<meta property=\"og:description\" content=\"D\u00e9j\u00e0, du calcul mental impressionnant : https:\/\/www.youtube.com\/watch?v=l1M_3B2qPts &#8212;&#8212;&#8212;&#8212;&#8212;&#8212;&#8212;&#8212;&#8212;&#8212;&#8212; Puis un peu de Sciences de l&rsquo;Ing\u00e9nieur : &#8212;&#8212;&#8212;&#8212;&#8212;&#8212;&#8212;&#8212;&#8212;&#8212;&#8212; La France au patrimoine mondial : TRES BIEN ! PATRIMOINE MONDIAL UNESCO\u00a0 (\u00e0 t\u00e9l\u00e9charger)\u00a0 Les TIPEs : Les TIPES (Travaux d&rsquo;Initiative Personnelle Encadr\u00e9s)\u00a0\u00a0consistent en un travail scientifique approfondi de chaque \u00e9tudiant sur un sujet de son choix. Ce [&hellip;]\" \/>\n<meta property=\"og:url\" content=\"https:\/\/maths-chambon.fr\/?page_id=5\" \/>\n<meta property=\"og:site_name\" content=\"Maths-pr\u00e9pas, L1-L3; Histoire locale (43) Henri Chambon\" \/>\n<meta property=\"article:modified_time\" content=\"2026-01-14T12:35:06+00:00\" \/>\n<meta name=\"twitter:card\" content=\"summary_large_image\" \/>\n<meta name=\"twitter:label1\" content=\"Dur\u00e9e de lecture estim\u00e9e\" \/>\n\t<meta name=\"twitter:data1\" content=\"1 minute\" \/>\n<script type=\"application\/ld+json\" class=\"yoast-schema-graph\">{\"@context\":\"https:\/\/schema.org\",\"@graph\":[{\"@type\":\"WebPage\",\"@id\":\"https:\/\/maths-chambon.fr\/?page_id=5\",\"url\":\"https:\/\/maths-chambon.fr\/?page_id=5\",\"name\":\"Divers+TB - Maths-pr\u00e9pas, L1-L3; Histoire locale (43) Henri Chambon\",\"isPartOf\":{\"@id\":\"https:\/\/maths-chambon.fr\/#website\"},\"datePublished\":\"2025-10-07T13:39:21+00:00\",\"dateModified\":\"2026-01-14T12:35:06+00:00\",\"breadcrumb\":{\"@id\":\"https:\/\/maths-chambon.fr\/?page_id=5#breadcrumb\"},\"inLanguage\":\"fr-FR\",\"potentialAction\":[{\"@type\":\"ReadAction\",\"target\":[\"https:\/\/maths-chambon.fr\/?page_id=5\"]}]},{\"@type\":\"BreadcrumbList\",\"@id\":\"https:\/\/maths-chambon.fr\/?page_id=5#breadcrumb\",\"itemListElement\":[{\"@type\":\"ListItem\",\"position\":1,\"name\":\"Accueil\",\"item\":\"https:\/\/maths-chambon.fr\/\"},{\"@type\":\"ListItem\",\"position\":2,\"name\":\"Divers+TB\"}]},{\"@type\":\"WebSite\",\"@id\":\"https:\/\/maths-chambon.fr\/#website\",\"url\":\"https:\/\/maths-chambon.fr\/\",\"name\":\"Maths-pr\u00e9pas, L1-L3; Histoire locale (43) Henri Chambon\",\"description\":\"WebBlog et plateforme d&#039;information\",\"potentialAction\":[{\"@type\":\"SearchAction\",\"target\":{\"@type\":\"EntryPoint\",\"urlTemplate\":\"https:\/\/maths-chambon.fr\/?s={search_term_string}\"},\"query-input\":{\"@type\":\"PropertyValueSpecification\",\"valueRequired\":true,\"valueName\":\"search_term_string\"}}],\"inLanguage\":\"fr-FR\"}]}<\/script>\n<!-- \/ Yoast SEO plugin. -->","yoast_head_json":{"title":"Divers+TB - Maths-pr\u00e9pas, L1-L3; Histoire locale (43) Henri Chambon","robots":{"index":"index","follow":"follow","max-snippet":"max-snippet:-1","max-image-preview":"max-image-preview:large","max-video-preview":"max-video-preview:-1"},"canonical":"https:\/\/maths-chambon.fr\/?page_id=5","og_locale":"fr_FR","og_type":"article","og_title":"Divers+TB - Maths-pr\u00e9pas, L1-L3; Histoire locale (43) Henri Chambon","og_description":"D\u00e9j\u00e0, du calcul mental impressionnant : https:\/\/www.youtube.com\/watch?v=l1M_3B2qPts &#8212;&#8212;&#8212;&#8212;&#8212;&#8212;&#8212;&#8212;&#8212;&#8212;&#8212; Puis un peu de Sciences de l&rsquo;Ing\u00e9nieur : &#8212;&#8212;&#8212;&#8212;&#8212;&#8212;&#8212;&#8212;&#8212;&#8212;&#8212; La France au patrimoine mondial : TRES BIEN ! PATRIMOINE MONDIAL UNESCO\u00a0 (\u00e0 t\u00e9l\u00e9charger)\u00a0 Les TIPEs : Les TIPES (Travaux d&rsquo;Initiative Personnelle Encadr\u00e9s)\u00a0\u00a0consistent en un travail scientifique approfondi de chaque \u00e9tudiant sur un sujet de son choix. Ce [&hellip;]","og_url":"https:\/\/maths-chambon.fr\/?page_id=5","og_site_name":"Maths-pr\u00e9pas, L1-L3; Histoire locale (43) Henri Chambon","article_modified_time":"2026-01-14T12:35:06+00:00","twitter_card":"summary_large_image","twitter_misc":{"Dur\u00e9e de lecture estim\u00e9e":"1 minute"},"schema":{"@context":"https:\/\/schema.org","@graph":[{"@type":"WebPage","@id":"https:\/\/maths-chambon.fr\/?page_id=5","url":"https:\/\/maths-chambon.fr\/?page_id=5","name":"Divers+TB - Maths-pr\u00e9pas, L1-L3; Histoire locale (43) Henri Chambon","isPartOf":{"@id":"https:\/\/maths-chambon.fr\/#website"},"datePublished":"2025-10-07T13:39:21+00:00","dateModified":"2026-01-14T12:35:06+00:00","breadcrumb":{"@id":"https:\/\/maths-chambon.fr\/?page_id=5#breadcrumb"},"inLanguage":"fr-FR","potentialAction":[{"@type":"ReadAction","target":["https:\/\/maths-chambon.fr\/?page_id=5"]}]},{"@type":"BreadcrumbList","@id":"https:\/\/maths-chambon.fr\/?page_id=5#breadcrumb","itemListElement":[{"@type":"ListItem","position":1,"name":"Accueil","item":"https:\/\/maths-chambon.fr\/"},{"@type":"ListItem","position":2,"name":"Divers+TB"}]},{"@type":"WebSite","@id":"https:\/\/maths-chambon.fr\/#website","url":"https:\/\/maths-chambon.fr\/","name":"Maths-pr\u00e9pas, L1-L3; Histoire locale (43) Henri Chambon","description":"WebBlog et plateforme d&#039;information","potentialAction":[{"@type":"SearchAction","target":{"@type":"EntryPoint","urlTemplate":"https:\/\/maths-chambon.fr\/?s={search_term_string}"},"query-input":{"@type":"PropertyValueSpecification","valueRequired":true,"valueName":"search_term_string"}}],"inLanguage":"fr-FR"}]}},"_links":{"self":[{"href":"https:\/\/maths-chambon.fr\/index.php?rest_route=\/wp\/v2\/pages\/5"}],"collection":[{"href":"https:\/\/maths-chambon.fr\/index.php?rest_route=\/wp\/v2\/pages"}],"about":[{"href":"https:\/\/maths-chambon.fr\/index.php?rest_route=\/wp\/v2\/types\/page"}],"author":[{"embeddable":true,"href":"https:\/\/maths-chambon.fr\/index.php?rest_route=\/wp\/v2\/users\/1"}],"replies":[{"embeddable":true,"href":"https:\/\/maths-chambon.fr\/index.php?rest_route=%2Fwp%2Fv2%2Fcomments&post=5"}],"version-history":[{"count":49,"href":"https:\/\/maths-chambon.fr\/index.php?rest_route=\/wp\/v2\/pages\/5\/revisions"}],"predecessor-version":[{"id":3177,"href":"https:\/\/maths-chambon.fr\/index.php?rest_route=\/wp\/v2\/pages\/5\/revisions\/3177"}],"wp:attachment":[{"href":"https:\/\/maths-chambon.fr\/index.php?rest_route=%2Fwp%2Fv2%2Fmedia&parent=5"}],"curies":[{"name":"wp","href":"https:\/\/api.w.org\/{rel}","templated":true}]}}