{"id":3,"date":"2024-09-19T20:23:02","date_gmt":"2024-09-19T18:23:02","guid":{"rendered":"http:\/\/maths-chambon.fr\/?page_id=3"},"modified":"2026-01-14T16:40:19","modified_gmt":"2026-01-14T14:40:19","slug":"accueil","status":"publish","type":"page","link":"https:\/\/maths-chambon.fr\/?page_id=3","title":{"rendered":"Accueil"},"content":{"rendered":"<h1 style=\"line-height: 35px;\"><span style=\"color: #0000ff;\">Ici : 4 th\u00e8mes int\u00e9ressants !<\/span><\/h1>\n<p><span style=\"color: #800000;\"><strong>Tr\u00e8s grand merci \u00e0 Alexis Catanas, <span style=\"color: #ff0000;\">consultant digital et d\u00e9veloppeur Web senior<\/span> 06.58.63.77.95 alexis@refence.fr https:\/\/refence.fr &#8230; <a href=\"http:\/\/maths-chambon.fr\/wp-content\/uploads\/2024\/12\/default-MR-qui-a-repare-le-Blog.pdf\"><span style=\"color: #0000ff;\">Autres d\u00e9tails ici\u00a0<\/span><\/a><\/strong><\/span><\/p>\n<p style=\"line-height: 35px;\"><span style=\"color: #0000ff;\"><span style=\"color: #800000;\"><strong><a href=\"https:\/\/web.archive.org\/web\/20240226110622\/http:\/\/ptsi-mimard.freehostia.com\/wordpressfr\/wp-content\/uploads\/2007\/10\/image.bmp\"><img decoding=\"async\" class=\"alignnone size-full wp-image-656\" title=\"image\" src=\"https:\/\/web.archive.org\/web\/20240226110622im_\/http:\/\/ptsi-mimard.freehostia.com\/wordpressfr\/wp-content\/uploads\/2007\/10\/image.bmp\" alt=\"\" \/><\/a><\/strong><\/span> <span style=\"text-decoration: underline;\"><strong>Math\u00e9matique Bac+1.2.3<\/strong><\/span> <strong>avec <\/strong><\/span><span style=\"color: #0000ff;\"><span style=\"color: #ff0000;\"><b>pas mal de G\u00e9om\u00e9trie : <span style=\"color: #800000;\">Cours+Exercices<\/span><\/b><\/span><\/span><\/p>\n<p><span style=\"color: #800000;\"><strong><a href=\"https:\/\/web.archive.org\/web\/20240226110622\/http:\/\/ptsi-mimard.freehostia.com\/wordpressfr\/wp-content\/uploads\/2007\/10\/image.bmp\"><img decoding=\"async\" class=\"alignnone size-full wp-image-656\" title=\"image\" src=\"https:\/\/web.archive.org\/web\/20240226110622im_\/http:\/\/ptsi-mimard.freehostia.com\/wordpressfr\/wp-content\/uploads\/2007\/10\/image.bmp\" alt=\"\" \/><\/a> U<\/strong><\/span><strong><span style=\"color: #800000;\">n rapport d\u2019\u00e9tudiants<\/span> de <span style=\"color: #0000ff;\">\u2018KEDGE-MARSEILLE\u2019, une \u00e9cole de COMMERCE :<\/span><\/strong><\/p>\n<p><span style=\"color: #800000;\"><strong>Sur l\u2019activit\u00e9 sismique en Am\u00e9rique du Nord (Qu\u00e9bec\/Californie, dont la faille de \u00ab San Andreas \u00bb) et les potentielles cons\u00e9quences \u00e9conomiques :<\/strong><\/span><\/p>\n<p><strong><a href=\"http:\/\/maths-chambon.fr\/wp-content\/uploads\/2024\/09\/Z-Stage-Kedge-partie-I.pdf\"><span style=\"color: #000080;\"><span style=\"color: #0000ff;\">Stage Kedge, partie I<\/span><\/span><\/a><\/strong><span style=\"color: #800000;\"><strong> (par 2 \u00e9tudiants, en ann\u00e9e de c\u00e9sure, \u00e0 <span style=\"color: #ff0000;\">Kedge-Business-School \u00e0 MARSEILLE<\/span>; en g\u00e9n\u00e9ral, il y a 4 ans d\u2019\u00e9tudes ou stages \u2026)<\/strong><\/span><\/p>\n<p><strong><a href=\"http:\/\/maths-chambon.fr\/wp-content\/uploads\/2024\/09\/Z-Stage-Kedge-partie-II-fin.pdf\"><span style=\"color: #0000ff;\">Stage Kedge, partie II fin<\/span><\/a>\u00a0<span style=\"color: #800000;\">(Les risques caus\u00e9s par les failles aux Usa et au Canada). Ceci se trouve aussi dans la partie <span style=\"color: #0000ff;\">\u00ab\u00a0BLOG\u00a0\u00bb.<\/span><\/span><br \/><\/strong><\/p>\n<p><a href=\"http:\/\/maths-chambon.fr\/wp-content\/uploads\/2024\/09\/420px-Notre_Dame_de_la_Garde.jpg\"><img loading=\"lazy\" decoding=\"async\" class=\"alignleft  wp-image-2508\" src=\"http:\/\/maths-chambon.fr\/wp-content\/uploads\/2024\/09\/420px-Notre_Dame_de_la_Garde-150x150.jpg\" alt=\"\" width=\"98\" height=\"98\" \/><\/a><a href=\"http:\/\/maths-chambon.fr\/wp-content\/uploads\/2024\/09\/images.png\"><img loading=\"lazy\" decoding=\"async\" class=\"alignleft  wp-image-2512\" src=\"http:\/\/maths-chambon.fr\/wp-content\/uploads\/2024\/09\/images-150x150.png\" alt=\"\" width=\"97\" height=\"97\" \/><\/a><\/p>\n<p><a href=\"http:\/\/maths-chambon.fr\/wp-content\/uploads\/2024\/09\/10.jpg\"><img loading=\"lazy\" decoding=\"async\" class=\" wp-image-2516\" src=\"http:\/\/maths-chambon.fr\/wp-content\/uploads\/2024\/09\/10-150x150.jpg\" alt=\"\" width=\"97\" height=\"97\" \/><\/a> <a href=\"http:\/\/maths-chambon.fr\/wp-content\/uploads\/2024\/09\/13.jpg\"><img loading=\"lazy\" decoding=\"async\" class=\" wp-image-2517\" src=\"http:\/\/maths-chambon.fr\/wp-content\/uploads\/2024\/09\/13-150x150.jpg\" alt=\"\" width=\"96\" height=\"96\" \/> <\/a><a href=\"http:\/\/maths-chambon.fr\/wp-content\/uploads\/2024\/09\/15.jpg\"><img loading=\"lazy\" decoding=\"async\" class=\"alignleft  wp-image-2518\" src=\"http:\/\/maths-chambon.fr\/wp-content\/uploads\/2024\/09\/15-150x150.jpg\" alt=\"\" width=\"96\" height=\"96\" \/><\/a><\/p>\n<p><span style=\"color: #0000ff;\">&#8212;&#8212;&#8212;&#8212;&#8212;&#8212;&#8212;&#8212;&#8212;&#8212;&#8212;&#8212;&#8212;&#8212;&#8212;&#8211;<\/span><\/p>\n<p><a href=\"https:\/\/web.archive.org\/web\/20240226110622\/http:\/\/ptsi-mimard.freehostia.com\/wordpressfr\/wp-content\/uploads\/2007\/10\/image.bmp\"><img decoding=\"async\" class=\"alignnone size-full wp-image-656\" title=\"image\" src=\"https:\/\/web.archive.org\/web\/20240226110622im_\/http:\/\/ptsi-mimard.freehostia.com\/wordpressfr\/wp-content\/uploads\/2007\/10\/image.bmp\" alt=\"\" \/> <span style=\"color: #0000ff;\"><strong><span style=\"color: #ff0000; text-decoration: underline;\">Histoire locale, <\/span><span style=\"color: #ff0000; text-decoration: underline;\">Haute-Loire, Hte Ard\u00e8che (et g\u00e9n\u00e9alogie) :<\/span><\/strong><\/span><\/a> <span style=\"color: #0000ff;\"><strong>M\u00e9zenc, Gerbier de Jonc, Meygal, plateau de Fay-sur-Lignon ancien chef-lieu de canton :<\/strong><\/span><\/p>\n<p><a href=\"http:\/\/maths-chambon.fr\/wp-content\/uploads\/2024\/12\/images.jpg\"><img loading=\"lazy\" decoding=\"async\" class=\"alignleft size-thumbnail wp-image-3258\" src=\"http:\/\/maths-chambon.fr\/wp-content\/uploads\/2024\/12\/images-150x150.jpg\" alt=\"\" width=\"150\" height=\"150\" \/><\/a><a href=\"http:\/\/maths-chambon.fr\/wp-content\/uploads\/2024\/09\/PC_1.jpg\"><img loading=\"lazy\" decoding=\"async\" class=\"alignleft  wp-image-2467\" src=\"http:\/\/maths-chambon.fr\/wp-content\/uploads\/2024\/09\/PC_1-150x150.jpg\" alt=\"\" width=\"154\" height=\"154\" \/><\/a><a href=\"http:\/\/maths-chambon.fr\/wp-content\/uploads\/2024\/09\/3.jpg\"><img loading=\"lazy\" decoding=\"async\" class=\"alignleft  wp-image-2461\" src=\"http:\/\/maths-chambon.fr\/wp-content\/uploads\/2024\/09\/3-150x150.jpg\" alt=\"\" width=\"157\" height=\"157\" \/><\/a><\/p>\n<p><span style=\"color: #800000;\">&#8212;&#8212;&#8212;&#8212;&#8212;&#8212;&#8212;&#8212;&#8212;&#8212;&#8212;&#8212;&#8212;&#8212;&#8212; <\/span><\/p>\n<p><span style=\"color: #800000;\"><strong><a href=\"https:\/\/web.archive.org\/web\/20240226110622\/http:\/\/ptsi-mimard.freehostia.com\/wordpressfr\/wp-content\/uploads\/2007\/10\/image.bmp\"><img decoding=\"async\" class=\"alignnone size-full wp-image-656\" title=\"image\" src=\"https:\/\/web.archive.org\/web\/20240226110622im_\/http:\/\/ptsi-mimard.freehostia.com\/wordpressfr\/wp-content\/uploads\/2007\/10\/image.bmp\" alt=\"\" \/><\/a> Pr\u00e9pas pour <\/strong><\/span><strong><span style=\"color: #800000;\">\u00e9coles<\/span> <span style=\"color: #ff0000;\">d\u2019Ing\u00e9nieurs<\/span>,\u00a0<\/strong><strong><span style=\"color: #0000ff;\">de commerce<\/span>,\u00a0<span style=\"color: #800000;\">d\u2019enseignants. <\/span><\/strong><strong><span style=\"color: #800000;\">Fauriel<\/span> <span style=\"color: #800000;\">et Mimard <span style=\"color: #800000;\">\u00e0 <\/span><span style=\"text-decoration: underline;\"><span style=\"color: #800000; text-decoration: underline;\">Saint-Etienne<\/span><\/span>. Et en s\u00e9ries scientifiques : <\/span><\/strong><strong><strong><span style=\"color: #0000ff;\"><span style=\"color: #0000ff;\"><a style=\"color: #0000ff;\" href=\"http:\/\/livet.cpge.free.fr\/WPTSI\/?page_id=532\">des statistiques !<\/a><br \/><\/span><\/span><\/strong><\/strong><\/p>\n<p style=\"text-align: left;\"><span style=\"color: #ff0000;\"><strong><strong><img loading=\"lazy\" decoding=\"async\" class=\"alignleft  wp-image-495\" title=\"Mimard1\" src=\"http:\/\/maths-chambon.fr\/wp-content\/uploads\/2007\/10\/Mimard1-150x150.jpg\" alt=\"\" width=\"124\" height=\"124\" \/><a href=\"http:\/\/maths-chambon.fr\/wp-content\/uploads\/2011\/08\/Clextral1.jpg\"><img loading=\"lazy\" decoding=\"async\" class=\"alignleft  wp-image-1430\" src=\"http:\/\/maths-chambon.fr\/wp-content\/uploads\/2011\/08\/Clextral1-150x150.jpg\" alt=\"\" width=\"122\" height=\"122\" \/><\/a><img loading=\"lazy\" decoding=\"async\" class=\"alignleft  wp-image-497\" title=\"Mimard2\" src=\"http:\/\/maths-chambon.fr\/wp-content\/uploads\/2007\/10\/Mimard21-150x150.jpg\" alt=\"\" width=\"123\" height=\"123\" \/><br \/><\/strong><\/strong><\/span><\/p>\n<p style=\"text-align: left;\"><strong><a href=\"http:\/\/maths-chambon.fr\/wp-content\/uploads\/2007\/10\/Mimard1.jpg\">\u00a0<\/a><\/strong><\/p>\n<p style=\"text-align: left;\"><strong><a href=\"http:\/\/maths-chambon.fr\/wp-content\/uploads\/2007\/10\/Mimard21.jpg\">\u00a0<\/a><\/strong><\/p>\n<p style=\"text-align: left;\"><!-- FIN CODE compteur-gratuit.org --><\/p>\n\n\n<p><\/p>\n","protected":false},"excerpt":{"rendered":"<p>Ici : 4 th\u00e8mes int\u00e9ressants ! Tr\u00e8s grand merci \u00e0 Alexis Catanas, consultant digital et d\u00e9veloppeur Web senior 06.58.63.77.95 alexis@refence.fr https:\/\/refence.fr &#8230; Autres d\u00e9tails ici\u00a0 Math\u00e9matique Bac+1.2.3 avec pas mal de G\u00e9om\u00e9trie : Cours+Exercices Un rapport d\u2019\u00e9tudiants de \u2018KEDGE-MARSEILLE\u2019, une \u00e9cole de COMMERCE : Sur l\u2019activit\u00e9 sismique en Am\u00e9rique du Nord (Qu\u00e9bec\/Californie, dont la faille [&hellip;]<\/p>\n","protected":false},"author":1,"featured_media":0,"parent":0,"menu_order":1,"comment_status":"open","ping_status":"open","template":"","meta":{"footnotes":""},"class_list":["post-3","page","type-page","status-publish","hentry"],"yoast_head":"<!-- This site is optimized with the Yoast SEO plugin v24.0 - https:\/\/yoast.com\/wordpress\/plugins\/seo\/ -->\n<title>Accueil - Maths-pr\u00e9pas, L1-L3; Histoire locale (43) Henri Chambon<\/title>\n<meta name=\"robots\" content=\"index, follow, max-snippet:-1, max-image-preview:large, max-video-preview:-1\" \/>\n<link rel=\"canonical\" href=\"https:\/\/maths-chambon.fr\/?page_id=3\" \/>\n<meta property=\"og:locale\" content=\"fr_FR\" \/>\n<meta property=\"og:type\" content=\"article\" \/>\n<meta property=\"og:title\" content=\"Accueil - Maths-pr\u00e9pas, L1-L3; Histoire locale (43) Henri Chambon\" \/>\n<meta property=\"og:description\" content=\"Ici : 4 th\u00e8mes int\u00e9ressants ! Tr\u00e8s grand merci \u00e0 Alexis Catanas, consultant digital et d\u00e9veloppeur Web senior 06.58.63.77.95 alexis@refence.fr https:\/\/refence.fr &#8230; Autres d\u00e9tails ici\u00a0 Math\u00e9matique Bac+1.2.3 avec pas mal de G\u00e9om\u00e9trie : Cours+Exercices Un rapport d\u2019\u00e9tudiants de \u2018KEDGE-MARSEILLE\u2019, une \u00e9cole de COMMERCE : Sur l\u2019activit\u00e9 sismique en Am\u00e9rique du Nord (Qu\u00e9bec\/Californie, dont la faille [&hellip;]\" \/>\n<meta property=\"og:url\" content=\"https:\/\/maths-chambon.fr\/?page_id=3\" \/>\n<meta property=\"og:site_name\" content=\"Maths-pr\u00e9pas, L1-L3; Histoire locale (43) Henri Chambon\" \/>\n<meta property=\"article:modified_time\" content=\"2026-01-14T14:40:19+00:00\" \/>\n<meta name=\"twitter:card\" content=\"summary_large_image\" \/>\n<meta name=\"twitter:label1\" content=\"Dur\u00e9e de lecture estim\u00e9e\" \/>\n\t<meta name=\"twitter:data1\" content=\"4 minutes\" \/>\n<script type=\"application\/ld+json\" class=\"yoast-schema-graph\">{\"@context\":\"https:\/\/schema.org\",\"@graph\":[{\"@type\":\"WebPage\",\"@id\":\"https:\/\/maths-chambon.fr\/?page_id=3\",\"url\":\"https:\/\/maths-chambon.fr\/?page_id=3\",\"name\":\"Accueil - Maths-pr\u00e9pas, L1-L3; Histoire locale (43) Henri Chambon\",\"isPartOf\":{\"@id\":\"https:\/\/maths-chambon.fr\/#website\"},\"primaryImageOfPage\":{\"@id\":\"https:\/\/maths-chambon.fr\/?page_id=3#primaryimage\"},\"image\":{\"@id\":\"https:\/\/maths-chambon.fr\/?page_id=3#primaryimage\"},\"thumbnailUrl\":\"https:\/\/web.archive.org\/web\/20240226110622im_\/http:\/\/ptsi-mimard.freehostia.com\/wordpressfr\/wp-content\/uploads\/2007\/10\/image.bmp\",\"datePublished\":\"2024-09-19T18:23:02+00:00\",\"dateModified\":\"2026-01-14T14:40:19+00:00\",\"breadcrumb\":{\"@id\":\"https:\/\/maths-chambon.fr\/?page_id=3#breadcrumb\"},\"inLanguage\":\"fr-FR\",\"potentialAction\":[{\"@type\":\"ReadAction\",\"target\":[\"https:\/\/maths-chambon.fr\/?page_id=3\"]}]},{\"@type\":\"ImageObject\",\"inLanguage\":\"fr-FR\",\"@id\":\"https:\/\/maths-chambon.fr\/?page_id=3#primaryimage\",\"url\":\"https:\/\/web.archive.org\/web\/20240226110622im_\/http:\/\/ptsi-mimard.freehostia.com\/wordpressfr\/wp-content\/uploads\/2007\/10\/image.bmp\",\"contentUrl\":\"https:\/\/web.archive.org\/web\/20240226110622im_\/http:\/\/ptsi-mimard.freehostia.com\/wordpressfr\/wp-content\/uploads\/2007\/10\/image.bmp\"},{\"@type\":\"BreadcrumbList\",\"@id\":\"https:\/\/maths-chambon.fr\/?page_id=3#breadcrumb\",\"itemListElement\":[{\"@type\":\"ListItem\",\"position\":1,\"name\":\"Accueil\",\"item\":\"https:\/\/maths-chambon.fr\/\"},{\"@type\":\"ListItem\",\"position\":2,\"name\":\"Accueil\"}]},{\"@type\":\"WebSite\",\"@id\":\"https:\/\/maths-chambon.fr\/#website\",\"url\":\"https:\/\/maths-chambon.fr\/\",\"name\":\"Maths-pr\u00e9pas, L1-L3; Histoire locale (43) Henri Chambon\",\"description\":\"WebBlog et plateforme d&#039;information\",\"potentialAction\":[{\"@type\":\"SearchAction\",\"target\":{\"@type\":\"EntryPoint\",\"urlTemplate\":\"https:\/\/maths-chambon.fr\/?s={search_term_string}\"},\"query-input\":{\"@type\":\"PropertyValueSpecification\",\"valueRequired\":true,\"valueName\":\"search_term_string\"}}],\"inLanguage\":\"fr-FR\"}]}<\/script>\n<!-- \/ Yoast SEO plugin. -->","yoast_head_json":{"title":"Accueil - Maths-pr\u00e9pas, L1-L3; Histoire locale (43) Henri Chambon","robots":{"index":"index","follow":"follow","max-snippet":"max-snippet:-1","max-image-preview":"max-image-preview:large","max-video-preview":"max-video-preview:-1"},"canonical":"https:\/\/maths-chambon.fr\/?page_id=3","og_locale":"fr_FR","og_type":"article","og_title":"Accueil - Maths-pr\u00e9pas, L1-L3; Histoire locale (43) Henri Chambon","og_description":"Ici : 4 th\u00e8mes int\u00e9ressants ! Tr\u00e8s grand merci \u00e0 Alexis Catanas, consultant digital et d\u00e9veloppeur Web senior 06.58.63.77.95 alexis@refence.fr https:\/\/refence.fr &#8230; Autres d\u00e9tails ici\u00a0 Math\u00e9matique Bac+1.2.3 avec pas mal de G\u00e9om\u00e9trie : Cours+Exercices Un rapport d\u2019\u00e9tudiants de \u2018KEDGE-MARSEILLE\u2019, une \u00e9cole de COMMERCE : Sur l\u2019activit\u00e9 sismique en Am\u00e9rique du Nord (Qu\u00e9bec\/Californie, dont la faille [&hellip;]","og_url":"https:\/\/maths-chambon.fr\/?page_id=3","og_site_name":"Maths-pr\u00e9pas, L1-L3; Histoire locale (43) Henri Chambon","article_modified_time":"2026-01-14T14:40:19+00:00","twitter_card":"summary_large_image","twitter_misc":{"Dur\u00e9e de lecture estim\u00e9e":"4 minutes"},"schema":{"@context":"https:\/\/schema.org","@graph":[{"@type":"WebPage","@id":"https:\/\/maths-chambon.fr\/?page_id=3","url":"https:\/\/maths-chambon.fr\/?page_id=3","name":"Accueil - Maths-pr\u00e9pas, L1-L3; Histoire locale (43) Henri Chambon","isPartOf":{"@id":"https:\/\/maths-chambon.fr\/#website"},"primaryImageOfPage":{"@id":"https:\/\/maths-chambon.fr\/?page_id=3#primaryimage"},"image":{"@id":"https:\/\/maths-chambon.fr\/?page_id=3#primaryimage"},"thumbnailUrl":"https:\/\/web.archive.org\/web\/20240226110622im_\/http:\/\/ptsi-mimard.freehostia.com\/wordpressfr\/wp-content\/uploads\/2007\/10\/image.bmp","datePublished":"2024-09-19T18:23:02+00:00","dateModified":"2026-01-14T14:40:19+00:00","breadcrumb":{"@id":"https:\/\/maths-chambon.fr\/?page_id=3#breadcrumb"},"inLanguage":"fr-FR","potentialAction":[{"@type":"ReadAction","target":["https:\/\/maths-chambon.fr\/?page_id=3"]}]},{"@type":"ImageObject","inLanguage":"fr-FR","@id":"https:\/\/maths-chambon.fr\/?page_id=3#primaryimage","url":"https:\/\/web.archive.org\/web\/20240226110622im_\/http:\/\/ptsi-mimard.freehostia.com\/wordpressfr\/wp-content\/uploads\/2007\/10\/image.bmp","contentUrl":"https:\/\/web.archive.org\/web\/20240226110622im_\/http:\/\/ptsi-mimard.freehostia.com\/wordpressfr\/wp-content\/uploads\/2007\/10\/image.bmp"},{"@type":"BreadcrumbList","@id":"https:\/\/maths-chambon.fr\/?page_id=3#breadcrumb","itemListElement":[{"@type":"ListItem","position":1,"name":"Accueil","item":"https:\/\/maths-chambon.fr\/"},{"@type":"ListItem","position":2,"name":"Accueil"}]},{"@type":"WebSite","@id":"https:\/\/maths-chambon.fr\/#website","url":"https:\/\/maths-chambon.fr\/","name":"Maths-pr\u00e9pas, L1-L3; Histoire locale (43) Henri Chambon","description":"WebBlog et plateforme d&#039;information","potentialAction":[{"@type":"SearchAction","target":{"@type":"EntryPoint","urlTemplate":"https:\/\/maths-chambon.fr\/?s={search_term_string}"},"query-input":{"@type":"PropertyValueSpecification","valueRequired":true,"valueName":"search_term_string"}}],"inLanguage":"fr-FR"}]}},"_links":{"self":[{"href":"https:\/\/maths-chambon.fr\/index.php?rest_route=\/wp\/v2\/pages\/3"}],"collection":[{"href":"https:\/\/maths-chambon.fr\/index.php?rest_route=\/wp\/v2\/pages"}],"about":[{"href":"https:\/\/maths-chambon.fr\/index.php?rest_route=\/wp\/v2\/types\/page"}],"author":[{"embeddable":true,"href":"https:\/\/maths-chambon.fr\/index.php?rest_route=\/wp\/v2\/users\/1"}],"replies":[{"embeddable":true,"href":"https:\/\/maths-chambon.fr\/index.php?rest_route=%2Fwp%2Fv2%2Fcomments&post=3"}],"version-history":[{"count":407,"href":"https:\/\/maths-chambon.fr\/index.php?rest_route=\/wp\/v2\/pages\/3\/revisions"}],"predecessor-version":[{"id":3385,"href":"https:\/\/maths-chambon.fr\/index.php?rest_route=\/wp\/v2\/pages\/3\/revisions\/3385"}],"wp:attachment":[{"href":"https:\/\/maths-chambon.fr\/index.php?rest_route=%2Fwp%2Fv2%2Fmedia&parent=3"}],"curies":[{"name":"wp","href":"https:\/\/api.w.org\/{rel}","templated":true}]}}