{"id":1220,"date":"2026-01-13T21:36:16","date_gmt":"2026-01-13T19:36:16","guid":{"rendered":"http:\/\/maths-chambon.fr\/?page_id=1220"},"modified":"2026-04-14T19:51:37","modified_gmt":"2026-04-14T17:51:37","slug":"physique-3","status":"publish","type":"page","link":"https:\/\/maths-chambon.fr\/?page_id=1220","title":{"rendered":"Cours de Maths"},"content":{"rendered":"\n<p><\/p>\n\n\n\n<p><\/p>\n\n\n<p><span style=\"color: #0000ff;\"><strong><a href=\"https:\/\/web.archive.org\/web\/20240226110739\/http:\/\/ptsi-mimard.freehostia.com\/wordpressfr\/wp-content\/uploads\/2007\/10\/image.bmp\"><img decoding=\"async\" class=\"alignnone size-full wp-image-656\" title=\"image\" src=\"https:\/\/web.archive.org\/web\/20240226110739im_\/http:\/\/ptsi-mimard.freehostia.com\/wordpressfr\/wp-content\/uploads\/2007\/10\/image.bmp\" alt=\"\" \/><\/a> LE COURS <span style=\"color: #ff0000;\">(Mise \u00e0 jour en 2026; 300 pages A4) :<\/span><\/strong><\/span><\/p>\n<p><strong style=\"font-size: revert; color: initial;\"><span style=\"color: #800000;\"><span style=\"color: #0000ff;\"><a style=\"color: #0000ff;\" href=\"http:\/\/maths-chambon.fr\/wp-content\/uploads\/2026\/01\/Cours-de-Maths-Sup__CIM-1.pdf\">Cours-de-Maths Sup__CIM<\/a><\/span> : ancien et nouveau, <span style=\"text-decoration: underline;\">Bac+1 etc. (surtout en G\u00e9om\u00e9trie)<\/span><\/span><\/strong><!--more--><\/p>\n<p><span style=\"color: #0000ff;\">&#8212;<\/span><\/p>\n<p><span style=\"color: #0000ff;\"><a href=\"https:\/\/web.archive.org\/web\/20240226110739\/http:\/\/ptsi-mimard.freehostia.com\/wordpressfr\/wp-content\/uploads\/2007\/10\/image.bmp\"><img decoding=\"async\" class=\"alignnone size-full wp-image-656\" title=\"image\" src=\"https:\/\/web.archive.org\/web\/20240226110739im_\/http:\/\/ptsi-mimard.freehostia.com\/wordpressfr\/wp-content\/uploads\/2007\/10\/image.bmp\" alt=\"\" \/> <\/a><\/span><strong><span style=\"color: #0000ff;\">LES<\/span><span style=\"color: #0000ff;\"> EXERCICES <span style=\"color: #ff0000;\">(la plupart corrig\u00e9s, 2026; 153 pages A4) :\u00a0<\/span><\/span><\/strong><\/p>\n<p><span style=\"color: #0000ff;\"><strong><span style=\"color: #800000;\"><span style=\"color: #800000;\"><a href=\"http:\/\/maths-chambon.fr\/wp-content\/uploads\/2026\/04\/EnoncesRevises-SupSpe.pdf\"><span style=\"color: #0000ff;\">Enonc\u00e9sR\u00e9vis\u00e9s Sup+Sp\u00e9+&#8230;<\/span><\/a> : <\/span><span style=\"text-decoration: underline;\">Bac+1, Bac+2, Licence+compl\u00e9ments en G\u00e9om\u00e9trie<\/span><span style=\"color: #800000;\">\u00a0 \u00a0<\/span><\/span><\/strong><\/span><!--more--><!--more--><!--more--><!--more--><\/p>\n<p><span style=\"color: #0000ff;\">&#8212;&#8212;&#8212;&#8212;&#8212;&#8212;&#8212;&#8212;&#8212;&#8212;&#8212;&#8212;&#8212;&#8212;&#8212;&#8212;&#8212;&#8212;&#8212;&#8212;<\/span><\/p>\n<p><strong><span style=\"color: #800000;\">Un petit cours de g\u00e9om\u00e9trie projective : <\/span><span style=\"color: #800000;\"><span style=\"color: #0000ff;\"><a style=\"color: #0000ff;\" href=\"http:\/\/maths-chambon.fr\/wp-content\/uploads\/2026\/03\/Livre-geoproj2009.pdf\">Livre-geoproj2009<\/a><\/span><\/span><\/strong><\/p>\n<p><span style=\"color: #0000ff;\">&#8212;&#8212;&#8212;&#8212;&#8212;&#8212;&#8212;&#8212;&#8212;&#8212;&#8212;<\/span><\/p>\n<p><strong><a href=\"https:\/\/web.archive.org\/web\/20240226110739\/http:\/\/ptsi-mimard.freehostia.com\/wordpressfr\/wp-content\/uploads\/2007\/10\/image.bmp\"><img decoding=\"async\" class=\"alignnone size-full wp-image-656\" title=\"image\" src=\"https:\/\/web.archive.org\/web\/20240226110739im_\/http:\/\/ptsi-mimard.freehostia.com\/wordpressfr\/wp-content\/uploads\/2007\/10\/image.bmp\" alt=\"\" \/><\/a> <span style=\"color: #0000ff;\">ET de la LECTURE\u00a0<\/span><\/strong><\/p>\n<p><strong><span style=\"color: #0000ff;\">(1) La Meije (quelle perspective !)\u00a0<\/span><\/strong><\/p>\n<p><strong><span style=\"color: #0000ff;\">(2) L&rsquo;Adoration des bergers de V\u00e9lasquez : <span style=\"color: #800000;\">ce tableau s\u2019inscrit dans un rectangle d\u2019or. De plus, le peintre utilise les proportions du nombre d\u2019or pour placer ses personnages : visage de J\u00e9sus situ\u00e9 sur un point d\u2019or, intersection de la diagonale du rectangle d\u2019or et de la ligne s\u00e9parant le tableau au 5\/8.<\/span><\/span><\/strong><br \/><a href=\"http:\/\/maths-chambon.fr\/wp-content\/uploads\/2024\/10\/la_meije_au_chazelet.jpg\"><img loading=\"lazy\" decoding=\"async\" class=\"alignleft  wp-image-2983\" src=\"http:\/\/maths-chambon.fr\/wp-content\/uploads\/2024\/10\/la_meije_au_chazelet-150x150.jpg\" alt=\"\" width=\"212\" height=\"212\" \/><\/a><\/p>\n<p><a href=\"http:\/\/maths-chambon.fr\/wp-content\/uploads\/2024\/10\/Ladorationdesroismages_Velasquez1608.jpg\"><img loading=\"lazy\" decoding=\"async\" class=\" wp-image-2982\" src=\"http:\/\/maths-chambon.fr\/wp-content\/uploads\/2024\/10\/Ladorationdesroismages_Velasquez1608-150x150.jpg\" alt=\"\" width=\"201\" height=\"201\" \/><span style=\"color: #ffffff;\">&#8230;<\/span><strong><span style=\"color: #0000ff;\">(cliquez)<\/span><\/strong><\/a><\/p>\n<p><strong><span style=\"color: #0000ff;\">(3)<\/span><\/strong> <strong><a href=\"http:\/\/maths-chambon.fr\/wp-content\/uploads\/2024\/10\/ChristVeriteEnseignementCatholique.pdf\"><span style=\"color: #0000ff;\">ChristVeriteEnseignementCatholique<\/span><\/a><\/strong> <strong><span style=\"color: #800000;\">par Laurent Lafforgue, ancien \u00e0 l&rsquo;IHES, qui a re\u00e7u la m\u00e9daille Fields \u00e0 P\u00e9kin, en 2002 !\u00a0 (14p)<\/span><\/strong><\/p>\n<p><strong><span style=\"color: #0000ff;\">(4)<\/span><\/strong> <span style=\"color: #0000ff;\"><strong><a style=\"color: #0000ff;\" href=\"http:\/\/maths-chambon.fr\/wp-content\/uploads\/2024\/10\/SavoirsFondamentaux.pdf\">R\u00e9-enseigner les savoirsFondamentaux<\/a><\/strong><\/span> <strong><span style=\"color: #800000;\">par 7 grands scientifiques (34p)<\/span><\/strong>\u00a0<\/p>\n<p><strong><span style=\"color: #0000ff;\">(5) Un maitre de la perspective : <span style=\"text-decoration: underline;\">Piero della Francesca<\/span> ; <span style=\"color: #800000;\">cf. Wikipedia.\u00a0<\/span><\/span><\/strong><\/p>\n<div id=\"p-lang-btn\" class=\"vector-dropdown mw-portlet mw-portlet-lang\"><input id=\"p-lang-btn-checkbox\" class=\"vector-dropdown-checkbox mw-interlanguage-selector\" role=\"button\" type=\"checkbox\" aria-haspopup=\"true\" data-event-name=\"ui.dropdown-p-lang-btn\" aria-label=\"Aller \u00e0 un article dans une autre langue. Disponible en 66 langues.\" \/><\/div>","protected":false},"excerpt":{"rendered":"<p>LE COURS (Mise \u00e0 jour en 2026; 300 pages A4) : Cours-de-Maths Sup__CIM : ancien et nouveau, Bac+1 etc. (surtout en G\u00e9om\u00e9trie)<\/p>\n","protected":false},"author":1,"featured_media":0,"parent":0,"menu_order":4,"comment_status":"open","ping_status":"closed","template":"","meta":{"footnotes":""},"class_list":["post-1220","page","type-page","status-publish","hentry"],"yoast_head":"<!-- This site is optimized with the Yoast SEO plugin v24.0 - https:\/\/yoast.com\/wordpress\/plugins\/seo\/ -->\n<title>Cours de Maths - Maths-pr\u00e9pas, L1-L3; Histoire locale (43) Henri Chambon<\/title>\n<meta name=\"robots\" content=\"index, follow, max-snippet:-1, max-image-preview:large, max-video-preview:-1\" \/>\n<link rel=\"canonical\" href=\"https:\/\/maths-chambon.fr\/?page_id=1220\" \/>\n<meta property=\"og:locale\" content=\"fr_FR\" \/>\n<meta property=\"og:type\" content=\"article\" \/>\n<meta property=\"og:title\" content=\"Cours de Maths - Maths-pr\u00e9pas, L1-L3; Histoire locale (43) Henri Chambon\" \/>\n<meta property=\"og:description\" content=\"LE COURS (Mise \u00e0 jour en 2026; 300 pages A4) : Cours-de-Maths Sup__CIM : ancien et nouveau, Bac+1 etc. (surtout en G\u00e9om\u00e9trie)\" \/>\n<meta property=\"og:url\" content=\"https:\/\/maths-chambon.fr\/?page_id=1220\" \/>\n<meta property=\"og:site_name\" content=\"Maths-pr\u00e9pas, L1-L3; Histoire locale (43) Henri Chambon\" \/>\n<meta property=\"article:modified_time\" content=\"2026-04-14T17:51:37+00:00\" \/>\n<meta name=\"twitter:card\" content=\"summary_large_image\" \/>\n<meta name=\"twitter:label1\" content=\"Dur\u00e9e de lecture estim\u00e9e\" \/>\n\t<meta name=\"twitter:data1\" content=\"2 minutes\" \/>\n<script type=\"application\/ld+json\" class=\"yoast-schema-graph\">{\"@context\":\"https:\/\/schema.org\",\"@graph\":[{\"@type\":\"WebPage\",\"@id\":\"https:\/\/maths-chambon.fr\/?page_id=1220\",\"url\":\"https:\/\/maths-chambon.fr\/?page_id=1220\",\"name\":\"Cours de Maths - Maths-pr\u00e9pas, L1-L3; Histoire locale (43) Henri Chambon\",\"isPartOf\":{\"@id\":\"https:\/\/maths-chambon.fr\/#website\"},\"primaryImageOfPage\":{\"@id\":\"https:\/\/maths-chambon.fr\/?page_id=1220#primaryimage\"},\"image\":{\"@id\":\"https:\/\/maths-chambon.fr\/?page_id=1220#primaryimage\"},\"thumbnailUrl\":\"https:\/\/web.archive.org\/web\/20240226110739im_\/http:\/\/ptsi-mimard.freehostia.com\/wordpressfr\/wp-content\/uploads\/2007\/10\/image.bmp\",\"datePublished\":\"2026-01-13T19:36:16+00:00\",\"dateModified\":\"2026-04-14T17:51:37+00:00\",\"breadcrumb\":{\"@id\":\"https:\/\/maths-chambon.fr\/?page_id=1220#breadcrumb\"},\"inLanguage\":\"fr-FR\",\"potentialAction\":[{\"@type\":\"ReadAction\",\"target\":[\"https:\/\/maths-chambon.fr\/?page_id=1220\"]}]},{\"@type\":\"ImageObject\",\"inLanguage\":\"fr-FR\",\"@id\":\"https:\/\/maths-chambon.fr\/?page_id=1220#primaryimage\",\"url\":\"https:\/\/web.archive.org\/web\/20240226110739im_\/http:\/\/ptsi-mimard.freehostia.com\/wordpressfr\/wp-content\/uploads\/2007\/10\/image.bmp\",\"contentUrl\":\"https:\/\/web.archive.org\/web\/20240226110739im_\/http:\/\/ptsi-mimard.freehostia.com\/wordpressfr\/wp-content\/uploads\/2007\/10\/image.bmp\"},{\"@type\":\"BreadcrumbList\",\"@id\":\"https:\/\/maths-chambon.fr\/?page_id=1220#breadcrumb\",\"itemListElement\":[{\"@type\":\"ListItem\",\"position\":1,\"name\":\"Accueil\",\"item\":\"https:\/\/maths-chambon.fr\/\"},{\"@type\":\"ListItem\",\"position\":2,\"name\":\"Cours de Maths\"}]},{\"@type\":\"WebSite\",\"@id\":\"https:\/\/maths-chambon.fr\/#website\",\"url\":\"https:\/\/maths-chambon.fr\/\",\"name\":\"Maths-pr\u00e9pas, L1-L3; Histoire locale (43) Henri Chambon\",\"description\":\"WebBlog et plateforme d&#039;information\",\"potentialAction\":[{\"@type\":\"SearchAction\",\"target\":{\"@type\":\"EntryPoint\",\"urlTemplate\":\"https:\/\/maths-chambon.fr\/?s={search_term_string}\"},\"query-input\":{\"@type\":\"PropertyValueSpecification\",\"valueRequired\":true,\"valueName\":\"search_term_string\"}}],\"inLanguage\":\"fr-FR\"}]}<\/script>\n<!-- \/ Yoast SEO plugin. -->","yoast_head_json":{"title":"Cours de Maths - Maths-pr\u00e9pas, L1-L3; Histoire locale (43) Henri Chambon","robots":{"index":"index","follow":"follow","max-snippet":"max-snippet:-1","max-image-preview":"max-image-preview:large","max-video-preview":"max-video-preview:-1"},"canonical":"https:\/\/maths-chambon.fr\/?page_id=1220","og_locale":"fr_FR","og_type":"article","og_title":"Cours de Maths - Maths-pr\u00e9pas, L1-L3; Histoire locale (43) Henri Chambon","og_description":"LE COURS (Mise \u00e0 jour en 2026; 300 pages A4) : Cours-de-Maths Sup__CIM : ancien et nouveau, Bac+1 etc. (surtout en G\u00e9om\u00e9trie)","og_url":"https:\/\/maths-chambon.fr\/?page_id=1220","og_site_name":"Maths-pr\u00e9pas, L1-L3; Histoire locale (43) Henri Chambon","article_modified_time":"2026-04-14T17:51:37+00:00","twitter_card":"summary_large_image","twitter_misc":{"Dur\u00e9e de lecture estim\u00e9e":"2 minutes"},"schema":{"@context":"https:\/\/schema.org","@graph":[{"@type":"WebPage","@id":"https:\/\/maths-chambon.fr\/?page_id=1220","url":"https:\/\/maths-chambon.fr\/?page_id=1220","name":"Cours de Maths - Maths-pr\u00e9pas, L1-L3; Histoire locale (43) Henri Chambon","isPartOf":{"@id":"https:\/\/maths-chambon.fr\/#website"},"primaryImageOfPage":{"@id":"https:\/\/maths-chambon.fr\/?page_id=1220#primaryimage"},"image":{"@id":"https:\/\/maths-chambon.fr\/?page_id=1220#primaryimage"},"thumbnailUrl":"https:\/\/web.archive.org\/web\/20240226110739im_\/http:\/\/ptsi-mimard.freehostia.com\/wordpressfr\/wp-content\/uploads\/2007\/10\/image.bmp","datePublished":"2026-01-13T19:36:16+00:00","dateModified":"2026-04-14T17:51:37+00:00","breadcrumb":{"@id":"https:\/\/maths-chambon.fr\/?page_id=1220#breadcrumb"},"inLanguage":"fr-FR","potentialAction":[{"@type":"ReadAction","target":["https:\/\/maths-chambon.fr\/?page_id=1220"]}]},{"@type":"ImageObject","inLanguage":"fr-FR","@id":"https:\/\/maths-chambon.fr\/?page_id=1220#primaryimage","url":"https:\/\/web.archive.org\/web\/20240226110739im_\/http:\/\/ptsi-mimard.freehostia.com\/wordpressfr\/wp-content\/uploads\/2007\/10\/image.bmp","contentUrl":"https:\/\/web.archive.org\/web\/20240226110739im_\/http:\/\/ptsi-mimard.freehostia.com\/wordpressfr\/wp-content\/uploads\/2007\/10\/image.bmp"},{"@type":"BreadcrumbList","@id":"https:\/\/maths-chambon.fr\/?page_id=1220#breadcrumb","itemListElement":[{"@type":"ListItem","position":1,"name":"Accueil","item":"https:\/\/maths-chambon.fr\/"},{"@type":"ListItem","position":2,"name":"Cours de Maths"}]},{"@type":"WebSite","@id":"https:\/\/maths-chambon.fr\/#website","url":"https:\/\/maths-chambon.fr\/","name":"Maths-pr\u00e9pas, L1-L3; Histoire locale (43) Henri Chambon","description":"WebBlog et plateforme d&#039;information","potentialAction":[{"@type":"SearchAction","target":{"@type":"EntryPoint","urlTemplate":"https:\/\/maths-chambon.fr\/?s={search_term_string}"},"query-input":{"@type":"PropertyValueSpecification","valueRequired":true,"valueName":"search_term_string"}}],"inLanguage":"fr-FR"}]}},"_links":{"self":[{"href":"https:\/\/maths-chambon.fr\/index.php?rest_route=\/wp\/v2\/pages\/1220"}],"collection":[{"href":"https:\/\/maths-chambon.fr\/index.php?rest_route=\/wp\/v2\/pages"}],"about":[{"href":"https:\/\/maths-chambon.fr\/index.php?rest_route=\/wp\/v2\/types\/page"}],"author":[{"embeddable":true,"href":"https:\/\/maths-chambon.fr\/index.php?rest_route=\/wp\/v2\/users\/1"}],"replies":[{"embeddable":true,"href":"https:\/\/maths-chambon.fr\/index.php?rest_route=%2Fwp%2Fv2%2Fcomments&post=1220"}],"version-history":[{"count":167,"href":"https:\/\/maths-chambon.fr\/index.php?rest_route=\/wp\/v2\/pages\/1220\/revisions"}],"predecessor-version":[{"id":3447,"href":"https:\/\/maths-chambon.fr\/index.php?rest_route=\/wp\/v2\/pages\/1220\/revisions\/3447"}],"wp:attachment":[{"href":"https:\/\/maths-chambon.fr\/index.php?rest_route=%2Fwp%2Fv2%2Fmedia&parent=1220"}],"curies":[{"name":"wp","href":"https:\/\/api.w.org\/{rel}","templated":true}]}}