{"id":11,"date":"2025-10-08T17:16:12","date_gmt":"2025-10-08T15:16:12","guid":{"rendered":"http:\/\/maths-chambon.fr\/?page_id=11"},"modified":"2026-01-14T14:35:31","modified_gmt":"2026-01-14T12:35:31","slug":"contact","status":"publish","type":"page","link":"https:\/\/maths-chambon.fr\/?page_id=11","title":{"rendered":"Quelques Liens"},"content":{"rendered":"<ul>\n<li><strong><a href=\"http:\/\/maths-chambon.fr\/wp-content\/uploads\/2007\/10\/image.bmp\"><img decoding=\"async\" class=\"alignleft size-full wp-image-656\" title=\"image\" src=\"http:\/\/maths-chambon.fr\/wp-content\/uploads\/2007\/10\/image.bmp\" alt=\"\" \/><\/a><\/strong> <strong><span style=\"color: #800000;\">M.Henri Chambon,<\/span><span style=\"color: #0000ff;\"><span style=\"color: #800000;\"> responsable du site : <\/span>Chambon.Henri@neuf.fr<\/span><\/strong><\/li>\n<li><strong><a href=\"http:\/\/maths-chambon.fr\/wp-content\/uploads\/2007\/10\/image.bmp\"><img decoding=\"async\" class=\"alignleft size-full wp-image-656\" title=\"image\" src=\"http:\/\/maths-chambon.fr\/wp-content\/uploads\/2007\/10\/image.bmp\" alt=\"\" \/><\/a><\/strong><strong><span style=\"color: #800000;\">Un tr\u00e8s bon site avec ici, par exemple, le forum de g\u00e9om\u00e9trie<\/span><\/strong><\/li>\n<li><strong><span style=\"color: #0000ff;\">https:\/\/les-mathematiques.net\/vanilla\/categories\/geometrie<\/span><\/strong><\/li>\n<li><span style=\"color: #800000;\"><strong> <a href=\"http:\/\/maths-chambon.fr\/wp-content\/uploads\/2007\/10\/image.bmp\"><img decoding=\"async\" class=\"alignleft size-full wp-image-656\" title=\"image\" src=\"http:\/\/maths-chambon.fr\/wp-content\/uploads\/2007\/10\/image.bmp\" alt=\"\" \/><\/a><\/strong><strong>Un site o\u00f9 on peut charger de tr\u00e8s bons documents anciens<\/strong><\/span><\/li>\n<li><strong><span style=\"color: #0000ff;\"> https:\/\/fr.scribd.com\/document\/511872245\/Theorie-Des-Corps-La-Regle-Et-Le-Compas\u00a0 <\/span><\/strong><span style=\"color: #0000ff;\">(par exemple)<\/span><\/li>\n<li><strong><a href=\"http:\/\/maths-chambon.fr\/wp-content\/uploads\/2007\/10\/image.bmp\"><img decoding=\"async\" class=\"alignleft size-full wp-image-656\" title=\"image\" src=\"http:\/\/maths-chambon.fr\/wp-content\/uploads\/2007\/10\/image.bmp\" alt=\"\" \/><\/a><\/strong><span style=\"color: #800000;\"><strong> Enfin d&rsquo;un site litt\u00e9raire<\/strong><\/span> <span style=\"color: #0000ff;\"><strong><a class=\"spip_out\" style=\"color: #0000ff;\" href=\"http:\/\/www.alalettre.com\/pascal-intro.htm\">http:\/\/www.alalettre.com\/pascal-intro.htm<\/a><\/strong><\/span><\/li>\n<li><em><span style=\"font-family: Arial; font-size: small;\"><span style=\"color: #ff0000;\"> \u00a0\u00bb Il y avait un homme qui, \u00e0 douze<\/span><\/span><\/em><em><span style=\"font-family: Arial; font-size: small;\"><span style=\"color: #ff0000;\"> ans, avec des barres et des ronds, avait cr\u00e9\u00e9 les math\u00e9matiques; qui, \u00e0 seize, avait fait le plus savant trait\u00e9 des coniques qu&rsquo;on e\u00fbt vu depuis l&rsquo;antiquit\u00e9; qui, \u00e0 dix-neuf, r\u00e9duisit en machine une science qui existe tout enti\u00e8re dans l&rsquo;entendement; qui \u00e0 vingt-trois, d\u00e9montra les ph\u00e9nom\u00e8nes de la pesanteur de l&rsquo;air, et d\u00e9truisit une des grandes erreurs de l&rsquo;ancienne physique; qui, \u00e0 cette \u00e2ge o\u00f9 les autres commencent \u00e0 peine \u00e0 na\u00eetre, ayant achev\u00e9 de parcourir le cercle des sciences humaines, s&rsquo;aper\u00e7ut de leur n\u00e9ant et tourna ses pens\u00e9es vers la religion; qui, depuis ce moment jusqu&rsquo;\u00e0 sa mort, arriv\u00e9 dans sa trente-neuvi\u00e8me ann\u00e9e, toujours infirme et souffrant, fixa la langue que parl\u00e8rent Bossuet et Racine, donna le mod\u00e8le de la plus parfaite plaisanterie, comme du raisonnement le plus fort; enfin qui, dans les cours intervalles de ses maux, r\u00e9solut, par distraction, un des plus hauts probl\u00e8mes de la g\u00e9om\u00e9trie, et jeta sur le papier des pens\u00e9es qui tiennent autant du Dieu que de l&rsquo;homme. Cet effrayant g\u00e9nie se nommait Blaise Pascal.\u00a0\u00bb <\/span> <\/span><span style=\"text-decoration: underline;\"><span style=\"font-family: Arial; color: #0000ff; font-size: small;\">Chateaubriand<\/span><\/span><\/em><\/li>\n<\/ul>\n","protected":false},"excerpt":{"rendered":"<p>M.Henri Chambon, responsable du site : Chambon.Henri@neuf.fr Un tr\u00e8s bon site avec ici, par exemple, le forum de g\u00e9om\u00e9trie https:\/\/les-mathematiques.net\/vanilla\/categories\/geometrie Un site o\u00f9 on peut charger de tr\u00e8s bons documents anciens https:\/\/fr.scribd.com\/document\/511872245\/Theorie-Des-Corps-La-Regle-Et-Le-Compas\u00a0 (par exemple) Enfin d&rsquo;un site litt\u00e9raire http:\/\/www.alalettre.com\/pascal-intro.htm \u00a0\u00bb Il y avait un homme qui, \u00e0 douze ans, avec des barres et des ronds, [&hellip;]<\/p>\n","protected":false},"author":1,"featured_media":0,"parent":0,"menu_order":7,"comment_status":"closed","ping_status":"closed","template":"","meta":{"footnotes":""},"class_list":["post-11","page","type-page","status-publish","hentry"],"yoast_head":"<!-- This site is optimized with the Yoast SEO plugin v24.0 - https:\/\/yoast.com\/wordpress\/plugins\/seo\/ -->\n<title>Quelques Liens - Maths-pr\u00e9pas, L1-L3; Histoire locale (43) Henri Chambon<\/title>\n<meta name=\"robots\" content=\"index, follow, max-snippet:-1, max-image-preview:large, max-video-preview:-1\" \/>\n<link rel=\"canonical\" href=\"https:\/\/maths-chambon.fr\/?page_id=11\" \/>\n<meta property=\"og:locale\" content=\"fr_FR\" \/>\n<meta property=\"og:type\" content=\"article\" \/>\n<meta property=\"og:title\" content=\"Quelques Liens - Maths-pr\u00e9pas, L1-L3; Histoire locale (43) Henri Chambon\" \/>\n<meta property=\"og:description\" content=\"M.Henri Chambon, responsable du site : Chambon.Henri@neuf.fr Un tr\u00e8s bon site avec ici, par exemple, le forum de g\u00e9om\u00e9trie https:\/\/les-mathematiques.net\/vanilla\/categories\/geometrie Un site o\u00f9 on peut charger de tr\u00e8s bons documents anciens https:\/\/fr.scribd.com\/document\/511872245\/Theorie-Des-Corps-La-Regle-Et-Le-Compas\u00a0 (par exemple) Enfin d&rsquo;un site litt\u00e9raire http:\/\/www.alalettre.com\/pascal-intro.htm \u00a0\u00bb Il y avait un homme qui, \u00e0 douze ans, avec des barres et des ronds, [&hellip;]\" \/>\n<meta property=\"og:url\" content=\"https:\/\/maths-chambon.fr\/?page_id=11\" \/>\n<meta property=\"og:site_name\" content=\"Maths-pr\u00e9pas, L1-L3; Histoire locale (43) Henri Chambon\" \/>\n<meta property=\"article:modified_time\" content=\"2026-01-14T12:35:31+00:00\" \/>\n<meta name=\"twitter:card\" content=\"summary_large_image\" \/>\n<meta name=\"twitter:label1\" content=\"Dur\u00e9e de lecture estim\u00e9e\" \/>\n\t<meta name=\"twitter:data1\" content=\"1 minute\" \/>\n<script type=\"application\/ld+json\" class=\"yoast-schema-graph\">{\"@context\":\"https:\/\/schema.org\",\"@graph\":[{\"@type\":\"WebPage\",\"@id\":\"https:\/\/maths-chambon.fr\/?page_id=11\",\"url\":\"https:\/\/maths-chambon.fr\/?page_id=11\",\"name\":\"Quelques Liens - Maths-pr\u00e9pas, L1-L3; Histoire locale (43) Henri Chambon\",\"isPartOf\":{\"@id\":\"https:\/\/maths-chambon.fr\/#website\"},\"primaryImageOfPage\":{\"@id\":\"https:\/\/maths-chambon.fr\/?page_id=11#primaryimage\"},\"image\":{\"@id\":\"https:\/\/maths-chambon.fr\/?page_id=11#primaryimage\"},\"thumbnailUrl\":\"http:\/\/maths-chambon.fr\/wp-content\/uploads\/2007\/10\/image.bmp\",\"datePublished\":\"2025-10-08T15:16:12+00:00\",\"dateModified\":\"2026-01-14T12:35:31+00:00\",\"breadcrumb\":{\"@id\":\"https:\/\/maths-chambon.fr\/?page_id=11#breadcrumb\"},\"inLanguage\":\"fr-FR\",\"potentialAction\":[{\"@type\":\"ReadAction\",\"target\":[\"https:\/\/maths-chambon.fr\/?page_id=11\"]}]},{\"@type\":\"ImageObject\",\"inLanguage\":\"fr-FR\",\"@id\":\"https:\/\/maths-chambon.fr\/?page_id=11#primaryimage\",\"url\":\"http:\/\/maths-chambon.fr\/wp-content\/uploads\/2007\/10\/image.bmp\",\"contentUrl\":\"http:\/\/maths-chambon.fr\/wp-content\/uploads\/2007\/10\/image.bmp\"},{\"@type\":\"BreadcrumbList\",\"@id\":\"https:\/\/maths-chambon.fr\/?page_id=11#breadcrumb\",\"itemListElement\":[{\"@type\":\"ListItem\",\"position\":1,\"name\":\"Accueil\",\"item\":\"https:\/\/maths-chambon.fr\/\"},{\"@type\":\"ListItem\",\"position\":2,\"name\":\"Quelques Liens\"}]},{\"@type\":\"WebSite\",\"@id\":\"https:\/\/maths-chambon.fr\/#website\",\"url\":\"https:\/\/maths-chambon.fr\/\",\"name\":\"Maths-pr\u00e9pas, L1-L3; Histoire locale (43) Henri Chambon\",\"description\":\"WebBlog et plateforme d&#039;information\",\"potentialAction\":[{\"@type\":\"SearchAction\",\"target\":{\"@type\":\"EntryPoint\",\"urlTemplate\":\"https:\/\/maths-chambon.fr\/?s={search_term_string}\"},\"query-input\":{\"@type\":\"PropertyValueSpecification\",\"valueRequired\":true,\"valueName\":\"search_term_string\"}}],\"inLanguage\":\"fr-FR\"}]}<\/script>\n<!-- \/ Yoast SEO plugin. -->","yoast_head_json":{"title":"Quelques Liens - Maths-pr\u00e9pas, L1-L3; Histoire locale (43) Henri Chambon","robots":{"index":"index","follow":"follow","max-snippet":"max-snippet:-1","max-image-preview":"max-image-preview:large","max-video-preview":"max-video-preview:-1"},"canonical":"https:\/\/maths-chambon.fr\/?page_id=11","og_locale":"fr_FR","og_type":"article","og_title":"Quelques Liens - Maths-pr\u00e9pas, L1-L3; Histoire locale (43) Henri Chambon","og_description":"M.Henri Chambon, responsable du site : Chambon.Henri@neuf.fr Un tr\u00e8s bon site avec ici, par exemple, le forum de g\u00e9om\u00e9trie https:\/\/les-mathematiques.net\/vanilla\/categories\/geometrie Un site o\u00f9 on peut charger de tr\u00e8s bons documents anciens https:\/\/fr.scribd.com\/document\/511872245\/Theorie-Des-Corps-La-Regle-Et-Le-Compas\u00a0 (par exemple) Enfin d&rsquo;un site litt\u00e9raire http:\/\/www.alalettre.com\/pascal-intro.htm \u00a0\u00bb Il y avait un homme qui, \u00e0 douze ans, avec des barres et des ronds, [&hellip;]","og_url":"https:\/\/maths-chambon.fr\/?page_id=11","og_site_name":"Maths-pr\u00e9pas, L1-L3; Histoire locale (43) Henri Chambon","article_modified_time":"2026-01-14T12:35:31+00:00","twitter_card":"summary_large_image","twitter_misc":{"Dur\u00e9e de lecture estim\u00e9e":"1 minute"},"schema":{"@context":"https:\/\/schema.org","@graph":[{"@type":"WebPage","@id":"https:\/\/maths-chambon.fr\/?page_id=11","url":"https:\/\/maths-chambon.fr\/?page_id=11","name":"Quelques Liens - Maths-pr\u00e9pas, L1-L3; Histoire locale (43) Henri Chambon","isPartOf":{"@id":"https:\/\/maths-chambon.fr\/#website"},"primaryImageOfPage":{"@id":"https:\/\/maths-chambon.fr\/?page_id=11#primaryimage"},"image":{"@id":"https:\/\/maths-chambon.fr\/?page_id=11#primaryimage"},"thumbnailUrl":"http:\/\/maths-chambon.fr\/wp-content\/uploads\/2007\/10\/image.bmp","datePublished":"2025-10-08T15:16:12+00:00","dateModified":"2026-01-14T12:35:31+00:00","breadcrumb":{"@id":"https:\/\/maths-chambon.fr\/?page_id=11#breadcrumb"},"inLanguage":"fr-FR","potentialAction":[{"@type":"ReadAction","target":["https:\/\/maths-chambon.fr\/?page_id=11"]}]},{"@type":"ImageObject","inLanguage":"fr-FR","@id":"https:\/\/maths-chambon.fr\/?page_id=11#primaryimage","url":"http:\/\/maths-chambon.fr\/wp-content\/uploads\/2007\/10\/image.bmp","contentUrl":"http:\/\/maths-chambon.fr\/wp-content\/uploads\/2007\/10\/image.bmp"},{"@type":"BreadcrumbList","@id":"https:\/\/maths-chambon.fr\/?page_id=11#breadcrumb","itemListElement":[{"@type":"ListItem","position":1,"name":"Accueil","item":"https:\/\/maths-chambon.fr\/"},{"@type":"ListItem","position":2,"name":"Quelques Liens"}]},{"@type":"WebSite","@id":"https:\/\/maths-chambon.fr\/#website","url":"https:\/\/maths-chambon.fr\/","name":"Maths-pr\u00e9pas, L1-L3; Histoire locale (43) Henri Chambon","description":"WebBlog et plateforme d&#039;information","potentialAction":[{"@type":"SearchAction","target":{"@type":"EntryPoint","urlTemplate":"https:\/\/maths-chambon.fr\/?s={search_term_string}"},"query-input":{"@type":"PropertyValueSpecification","valueRequired":true,"valueName":"search_term_string"}}],"inLanguage":"fr-FR"}]}},"_links":{"self":[{"href":"https:\/\/maths-chambon.fr\/index.php?rest_route=\/wp\/v2\/pages\/11"}],"collection":[{"href":"https:\/\/maths-chambon.fr\/index.php?rest_route=\/wp\/v2\/pages"}],"about":[{"href":"https:\/\/maths-chambon.fr\/index.php?rest_route=\/wp\/v2\/types\/page"}],"author":[{"embeddable":true,"href":"https:\/\/maths-chambon.fr\/index.php?rest_route=\/wp\/v2\/users\/1"}],"replies":[{"embeddable":true,"href":"https:\/\/maths-chambon.fr\/index.php?rest_route=%2Fwp%2Fv2%2Fcomments&post=11"}],"version-history":[{"count":82,"href":"https:\/\/maths-chambon.fr\/index.php?rest_route=\/wp\/v2\/pages\/11\/revisions"}],"predecessor-version":[{"id":3236,"href":"https:\/\/maths-chambon.fr\/index.php?rest_route=\/wp\/v2\/pages\/11\/revisions\/3236"}],"wp:attachment":[{"href":"https:\/\/maths-chambon.fr\/index.php?rest_route=%2Fwp%2Fv2%2Fmedia&parent=11"}],"curies":[{"name":"wp","href":"https:\/\/api.w.org\/{rel}","templated":true}]}}